{"id":54,"date":"2019-12-03T14:08:06","date_gmt":"2019-12-03T13:08:06","guid":{"rendered":"https:\/\/www.anaphylaxieschulung.de\/?page_id=54"},"modified":"2025-05-12T13:22:19","modified_gmt":"2025-05-12T11:22:19","slug":"impressum","status":"publish","type":"page","link":"https:\/\/www.anaphylaxieschulung.de\/en\/impressum\/","title":{"rendered":"Impressum"},"content":{"rendered":"<div data-elementor-type=\"wp-page\" data-elementor-id=\"54\" class=\"elementor elementor-54\">\n\t\t\t\t<div class=\"elementor-element elementor-element-b819580 e-flex e-con-boxed e-con e-parent\" data-id=\"b819580\" data-element_type=\"container\" data-e-type=\"container\">\n\t\t\t\t\t<div class=\"e-con-inner\">\n\t\t<div class=\"elementor-element elementor-element-f5dad3a e-con-full e-flex e-con e-child\" data-id=\"f5dad3a\" data-element_type=\"container\" data-e-type=\"container\">\n\t\t\t\t<div class=\"elementor-element elementor-element-0f33b72 elementor-hidden-phone elementor-hidden-tablet elementor-widget elementor-widget-html\" data-id=\"0f33b72\" data-element_type=\"widget\" data-e-type=\"widget\" data-widget_type=\"html.default\">\n\t\t\t\t<div class=\"elementor-widget-container\">\n\t\t\t\t\t<div class=\"kontakt\">\n   <p><a href=\"https:\/\/www.anaphylaxieschulung.de\/en\/kontakt\/\"><i aria-hidden=\"true\" class=\"far fa-envelope\"><\/i> Contact<\/a><\/p>\n<\/div>\t\t\t\t<\/div>\n\t\t\t\t<\/div>\n\t\t\t\t<\/div>\n\t\t\t\t\t<\/div>\n\t\t\t\t<\/div>\n\t\t<div class=\"elementor-element elementor-element-b6f6fd6 e-flex e-con-boxed elementor-invisible e-con e-parent\" data-id=\"b6f6fd6\" data-element_type=\"container\" data-e-type=\"container\" data-settings=\"{&quot;animation&quot;:&quot;fadeIn&quot;}\">\n\t\t\t\t\t<div class=\"e-con-inner\">\n\t\t<div class=\"elementor-element elementor-element-770cc66 e-con-full e-flex e-con e-child\" data-id=\"770cc66\" data-element_type=\"container\" data-e-type=\"container\">\n\t\t\t\t<div class=\"elementor-element elementor-element-ef641d2 elementor-widget elementor-widget-text-editor\" data-id=\"ef641d2\" data-element_type=\"widget\" data-e-type=\"widget\" data-widget_type=\"text-editor.default\">\n\t\t\t\t<div class=\"elementor-widget-container\">\n\t\t\t\t\t\t\t\t\t<p><strong>AGATE <\/strong>(Arbeitsgemeinschaft Anaphylaxie Training und Education)<strong> e.V. c\/o<br \/><\/strong>Chairwoman: <strong>Prof. Dr. med Kirsten Beyer<\/strong> <br \/>Charit\u00e9 Universit\u00e4tsmedizin Berlin<br \/>Klinik f\u00fcr P\u00e4diatrie m.S. Pneumologie, Immunologie und Intensivmedizin<br \/>Augustenburger Platz 1<br \/>13353 Berlin<\/p><p>Contact: <strong>Angela Scholz<\/strong><br \/>Phone: <strong>030\/4 50 56 60 07<\/strong><br \/><a href=\"\/en\/ma&\/#105;&#108;&#x74;&#x6f;&#x3a;&#x61;ga&#116;&#101;&#x40;&#x63;&#x68;&#x61;ri&#116;&#101;&#46;&#x64;&#x65;\">&#x61;&#103;a&#x74;&#101;&#64;&#x63;&#x68;&#97;r&#x69;&#116;e&#x2e;&#x64;&#101;<\/a><\/p><p>The Working Group on Anaphylaxis Training was founded on 14 February 2007 and is registered in the register of associations at the Munich Local Court under the number 202197.<\/p>\t\t\t\t\t\t\t\t<\/div>\n\t\t\t\t<\/div>\n\t\t\t\t<\/div>\n\t\t\t\t\t<\/div>\n\t\t\t\t<\/div>\n\t\t\t\t<\/div>","protected":false},"excerpt":{"rendered":"<p>Kontakt AGATE (Arbeitsgemeinschaft Anaphylaxie Training und Education) e.V. c\/oVorsitzende: Prof. Dr. med Kirsten Beyer Charit\u00e9 Universit\u00e4tsmedizin BerlinKlinik f\u00fcr P\u00e4diatrie m.S. Pneumologie, Immunologie und IntensivmedizinAugustenburger Platz 113353 Berlin Anprechpartnerin: Angela ScholzTelefon: 030\/4 50 56 60 07a&#103;&#97;&#x74;&#x65;&#x40;c&#104;&#97;&#x72;&#x69;&#x74;e&#46;&#100;&#x65; Die Arbeitsgemeinschaft Anaphylaxieschulung wurde am 14.02.2007 gegr\u00fcndet und ist in das Vereinsregister des Amtsgerichts M\u00fcnchen unter der Nummer 202197 eingetragen.<\/p>","protected":false},"author":2,"featured_media":0,"parent":0,"menu_order":90,"comment_status":"closed","ping_status":"closed","template":"","meta":{"footnotes":""},"class_list":["post-54","page","type-page","status-publish"],"yoast_head":"<!-- This site is optimized with the Yoast SEO plugin v27.6 - https:\/\/yoast.com\/product\/yoast-seo-wordpress\/ -->\n<title>Impressum - Arbeitsgemeinschaft Anaphylaxie<\/title>\n<meta name=\"description\" content=\"AGATE f\u00fchrt Anaphylaxieschulungen, Ausbildungen zum Anaphylaxietrainer und Fortbildungen f\u00fcr Erzieher und Lehrer durch.\" \/>\n<meta name=\"robots\" content=\"index, follow, max-snippet:-1, max-image-preview:large, max-video-preview:-1\" \/>\n<link rel=\"canonical\" href=\"https:\/\/www.anaphylaxieschulung.de\/en\/impressum\/\" \/>\n<meta property=\"og:locale\" content=\"en_GB\" \/>\n<meta property=\"og:type\" content=\"article\" \/>\n<meta property=\"og:title\" content=\"Impressum - Arbeitsgemeinschaft Anaphylaxie\" \/>\n<meta property=\"og:description\" content=\"AGATE f\u00fchrt Anaphylaxieschulungen, Ausbildungen zum Anaphylaxietrainer und Fortbildungen f\u00fcr Erzieher und Lehrer durch.\" \/>\n<meta property=\"og:url\" content=\"https:\/\/www.anaphylaxieschulung.de\/en\/impressum\/\" \/>\n<meta property=\"og:site_name\" content=\"Arbeitsgemeinschaft Anaphylaxie\" \/>\n<meta property=\"article:modified_time\" content=\"2025-05-12T11:22:19+00:00\" \/>\n<meta name=\"twitter:card\" content=\"summary_large_image\" \/>\n<meta name=\"twitter:label1\" content=\"Estimated reading time\" \/>\n\t<meta name=\"twitter:data1\" content=\"1 minute\" \/>\n<script type=\"application\/ld+json\" class=\"yoast-schema-graph\">{\"@context\":\"https:\\\/\\\/schema.org\",\"@graph\":[{\"@type\":\"WebPage\",\"@id\":\"https:\\\/\\\/www.anaphylaxieschulung.de\\\/impressum\\\/\",\"url\":\"https:\\\/\\\/www.anaphylaxieschulung.de\\\/impressum\\\/\",\"name\":\"Impressum - Arbeitsgemeinschaft Anaphylaxie\",\"isPartOf\":{\"@id\":\"https:\\\/\\\/www.anaphylaxieschulung.de\\\/#website\"},\"datePublished\":\"2019-12-03T13:08:06+00:00\",\"dateModified\":\"2025-05-12T11:22:19+00:00\",\"description\":\"AGATE f\u00fchrt Anaphylaxieschulungen, Ausbildungen zum Anaphylaxietrainer und Fortbildungen f\u00fcr Erzieher und Lehrer durch.\",\"breadcrumb\":{\"@id\":\"https:\\\/\\\/www.anaphylaxieschulung.de\\\/impressum\\\/#breadcrumb\"},\"inLanguage\":\"en-GB\",\"potentialAction\":[{\"@type\":\"ReadAction\",\"target\":[\"https:\\\/\\\/www.anaphylaxieschulung.de\\\/impressum\\\/\"]}]},{\"@type\":\"BreadcrumbList\",\"@id\":\"https:\\\/\\\/www.anaphylaxieschulung.de\\\/impressum\\\/#breadcrumb\",\"itemListElement\":[{\"@type\":\"ListItem\",\"position\":1,\"name\":\"Startseite\",\"item\":\"https:\\\/\\\/www.anaphylaxieschulung.de\\\/\"},{\"@type\":\"ListItem\",\"position\":2,\"name\":\"Impressum\"}]},{\"@type\":\"WebSite\",\"@id\":\"https:\\\/\\\/www.anaphylaxieschulung.de\\\/#website\",\"url\":\"https:\\\/\\\/www.anaphylaxieschulung.de\\\/\",\"name\":\"Arbeitsgemeinschaft Anaphylaxie\",\"description\":\"Training und Education e. V.\",\"publisher\":{\"@id\":\"https:\\\/\\\/www.anaphylaxieschulung.de\\\/#organization\"},\"potentialAction\":[{\"@type\":\"SearchAction\",\"target\":{\"@type\":\"EntryPoint\",\"urlTemplate\":\"https:\\\/\\\/www.anaphylaxieschulung.de\\\/?s={search_term_string}\"},\"query-input\":{\"@type\":\"PropertyValueSpecification\",\"valueRequired\":true,\"valueName\":\"search_term_string\"}}],\"inLanguage\":\"en-GB\"},{\"@type\":\"Organization\",\"@id\":\"https:\\\/\\\/www.anaphylaxieschulung.de\\\/#organization\",\"name\":\"Arbeitsgemeinschaft Anaphylaxie Training und Edukation e. V. (AGATE)\",\"url\":\"https:\\\/\\\/www.anaphylaxieschulung.de\\\/\",\"logo\":{\"@type\":\"ImageObject\",\"inLanguage\":\"en-GB\",\"@id\":\"https:\\\/\\\/www.anaphylaxieschulung.de\\\/#\\\/schema\\\/logo\\\/image\\\/\",\"url\":\"https:\\\/\\\/www.anaphylaxieschulung.de\\\/wp-content\\\/uploads\\\/2021\\\/07\\\/cropped-favicon.jpg\",\"contentUrl\":\"https:\\\/\\\/www.anaphylaxieschulung.de\\\/wp-content\\\/uploads\\\/2021\\\/07\\\/cropped-favicon.jpg\",\"width\":512,\"height\":512,\"caption\":\"Arbeitsgemeinschaft Anaphylaxie Training und Edukation e. V. (AGATE)\"},\"image\":{\"@id\":\"https:\\\/\\\/www.anaphylaxieschulung.de\\\/#\\\/schema\\\/logo\\\/image\\\/\"}}]}<\/script>\n<!-- \/ Yoast SEO plugin. -->","yoast_head_json":{"title":"Impressum - Arbeitsgemeinschaft Anaphylaxie","description":"AGATE f\u00fchrt Anaphylaxieschulungen, Ausbildungen zum Anaphylaxietrainer und Fortbildungen f\u00fcr Erzieher und Lehrer durch.","robots":{"index":"index","follow":"follow","max-snippet":"max-snippet:-1","max-image-preview":"max-image-preview:large","max-video-preview":"max-video-preview:-1"},"canonical":"https:\/\/www.anaphylaxieschulung.de\/en\/impressum\/","og_locale":"en_GB","og_type":"article","og_title":"Impressum - Arbeitsgemeinschaft Anaphylaxie","og_description":"AGATE f\u00fchrt Anaphylaxieschulungen, Ausbildungen zum Anaphylaxietrainer und Fortbildungen f\u00fcr Erzieher und Lehrer durch.","og_url":"https:\/\/www.anaphylaxieschulung.de\/en\/impressum\/","og_site_name":"Arbeitsgemeinschaft Anaphylaxie","article_modified_time":"2025-05-12T11:22:19+00:00","twitter_card":"summary_large_image","twitter_misc":{"Estimated reading time":"1 minute"},"schema":{"@context":"https:\/\/schema.org","@graph":[{"@type":"WebPage","@id":"https:\/\/www.anaphylaxieschulung.de\/impressum\/","url":"https:\/\/www.anaphylaxieschulung.de\/impressum\/","name":"Impressum - Arbeitsgemeinschaft Anaphylaxie","isPartOf":{"@id":"https:\/\/www.anaphylaxieschulung.de\/#website"},"datePublished":"2019-12-03T13:08:06+00:00","dateModified":"2025-05-12T11:22:19+00:00","description":"AGATE f\u00fchrt Anaphylaxieschulungen, Ausbildungen zum Anaphylaxietrainer und Fortbildungen f\u00fcr Erzieher und Lehrer durch.","breadcrumb":{"@id":"https:\/\/www.anaphylaxieschulung.de\/impressum\/#breadcrumb"},"inLanguage":"en-GB","potentialAction":[{"@type":"ReadAction","target":["https:\/\/www.anaphylaxieschulung.de\/impressum\/"]}]},{"@type":"BreadcrumbList","@id":"https:\/\/www.anaphylaxieschulung.de\/impressum\/#breadcrumb","itemListElement":[{"@type":"ListItem","position":1,"name":"Startseite","item":"https:\/\/www.anaphylaxieschulung.de\/"},{"@type":"ListItem","position":2,"name":"Impressum"}]},{"@type":"WebSite","@id":"https:\/\/www.anaphylaxieschulung.de\/#website","url":"https:\/\/www.anaphylaxieschulung.de\/","name":"Arbeitsgemeinschaft Anaphylaxie","description":"Training und Education e. V.","publisher":{"@id":"https:\/\/www.anaphylaxieschulung.de\/#organization"},"potentialAction":[{"@type":"SearchAction","target":{"@type":"EntryPoint","urlTemplate":"https:\/\/www.anaphylaxieschulung.de\/?s={search_term_string}"},"query-input":{"@type":"PropertyValueSpecification","valueRequired":true,"valueName":"search_term_string"}}],"inLanguage":"en-GB"},{"@type":"Organization","@id":"https:\/\/www.anaphylaxieschulung.de\/#organization","name":"Arbeitsgemeinschaft Anaphylaxie Training und Edukation e. V. (AGATE)","url":"https:\/\/www.anaphylaxieschulung.de\/","logo":{"@type":"ImageObject","inLanguage":"en-GB","@id":"https:\/\/www.anaphylaxieschulung.de\/#\/schema\/logo\/image\/","url":"https:\/\/www.anaphylaxieschulung.de\/wp-content\/uploads\/2021\/07\/cropped-favicon.jpg","contentUrl":"https:\/\/www.anaphylaxieschulung.de\/wp-content\/uploads\/2021\/07\/cropped-favicon.jpg","width":512,"height":512,"caption":"Arbeitsgemeinschaft Anaphylaxie Training und Edukation e. V. (AGATE)"},"image":{"@id":"https:\/\/www.anaphylaxieschulung.de\/#\/schema\/logo\/image\/"}}]}},"_links":{"self":[{"href":"https:\/\/www.anaphylaxieschulung.de\/en\/wp-json\/wp\/v2\/pages\/54","targetHints":{"allow":["GET"]}}],"collection":[{"href":"https:\/\/www.anaphylaxieschulung.de\/en\/wp-json\/wp\/v2\/pages"}],"about":[{"href":"https:\/\/www.anaphylaxieschulung.de\/en\/wp-json\/wp\/v2\/types\/page"}],"author":[{"embeddable":true,"href":"https:\/\/www.anaphylaxieschulung.de\/en\/wp-json\/wp\/v2\/users\/2"}],"replies":[{"embeddable":true,"href":"https:\/\/www.anaphylaxieschulung.de\/en\/wp-json\/wp\/v2\/comments?post=54"}],"version-history":[{"count":35,"href":"https:\/\/www.anaphylaxieschulung.de\/en\/wp-json\/wp\/v2\/pages\/54\/revisions"}],"predecessor-version":[{"id":5878,"href":"https:\/\/www.anaphylaxieschulung.de\/en\/wp-json\/wp\/v2\/pages\/54\/revisions\/5878"}],"wp:attachment":[{"href":"https:\/\/www.anaphylaxieschulung.de\/en\/wp-json\/wp\/v2\/media?parent=54"}],"curies":[{"name":"wp","href":"https:\/\/api.w.org\/{rel}","templated":true}]}}