{"id":362,"date":"2020-01-04T13:50:12","date_gmt":"2020-01-04T12:50:12","guid":{"rendered":"https:\/\/www.anaphylaxieschulung.de\/?page_id=362"},"modified":"2025-01-17T11:58:59","modified_gmt":"2025-01-17T10:58:59","slug":"anaphylaxieschulung-schulungsinhalte","status":"publish","type":"page","link":"https:\/\/www.anaphylaxieschulung.de\/en\/informationen-fuer-betroffene\/anaphylaxieschulung-schulungsinhalte\/","title":{"rendered":"Training Content"},"content":{"rendered":"<div data-elementor-type=\"wp-page\" data-elementor-id=\"362\" class=\"elementor elementor-362\">\n\t\t\t\t<div class=\"elementor-element elementor-element-4da3f51 e-flex e-con-boxed e-con e-parent\" data-id=\"4da3f51\" data-element_type=\"container\" data-e-type=\"container\">\n\t\t\t\t\t<div class=\"e-con-inner\">\n\t\t<div class=\"elementor-element elementor-element-b45c3eb elementor-hidden-phone e-con-full e-flex e-con e-child\" data-id=\"b45c3eb\" data-element_type=\"container\" data-e-type=\"container\">\n\t\t\t\t<div class=\"elementor-element elementor-element-0342d35 elementor-hidden-phone elementor-hidden-tablet elementor-widget elementor-widget-html\" data-id=\"0342d35\" data-element_type=\"widget\" data-e-type=\"widget\" data-widget_type=\"html.default\">\n\t\t\t\t<div class=\"elementor-widget-container\">\n\t\t\t\t\t<div class=\"kontakt\">\n   <p><a href=\"https:\/\/www.anaphylaxieschulung.de\/en\/kontakt\/\"><i aria-hidden=\"true\" class=\"far fa-envelope\"><\/i> Contact<\/a><\/p>\n<\/div>\t\t\t\t<\/div>\n\t\t\t\t<\/div>\n\t\t\t\t<\/div>\n\t\t\t\t\t<\/div>\n\t\t\t\t<\/div>\n\t\t<div class=\"elementor-element elementor-element-93c5014 e-flex e-con-boxed elementor-invisible e-con e-parent\" data-id=\"93c5014\" data-element_type=\"container\" data-e-type=\"container\" data-settings=\"{&quot;animation&quot;:&quot;fadeIn&quot;}\">\n\t\t\t\t\t<div class=\"e-con-inner\">\n\t\t<div class=\"elementor-element elementor-element-def00a7 e-con-full e-flex e-con e-child\" data-id=\"def00a7\" data-element_type=\"container\" data-e-type=\"container\">\n\t\t\t\t<div class=\"elementor-element elementor-element-eb02755 elementor-widget elementor-widget-wp-widget-nav_menu\" data-id=\"eb02755\" data-element_type=\"widget\" data-e-type=\"widget\" data-settings=\"{&quot;_animation&quot;:&quot;none&quot;}\" data-widget_type=\"wp-widget-nav_menu.default\">\n\t\t\t\t<div class=\"elementor-widget-container\">\n\t\t\t\t\t<div class=\"menu-submenu-informationen-fuer-betroffene-container\"><ul id=\"menu-submenu-informationen-fuer-betroffene\" class=\"menu\"><li id=\"menu-item-374\" class=\"aktiv menu-item menu-item-type-post_type menu-item-object-page menu-item-374\"><a href=\"https:\/\/www.anaphylaxieschulung.de\/en\/informationen-fuer-betroffene\/was-ist-anaphylaxie\/\">What is Anaphylaxis<\/a><\/li>\n<li id=\"menu-item-373\" class=\"aktiv menu-item menu-item-type-post_type menu-item-object-page menu-item-373\"><a href=\"https:\/\/www.anaphylaxieschulung.de\/en\/informationen-fuer-betroffene\/anaphylaxieschulung-schulungsinhalte\/\">Training Content<\/a><\/li>\n<li id=\"menu-item-372\" class=\"aktiv menu-item menu-item-type-post_type menu-item-object-page menu-item-372\"><a href=\"https:\/\/www.anaphylaxieschulung.de\/en\/informationen-fuer-betroffene\/anaphylaxieschulungen-kursformen\/\">Types of Courses<\/a><\/li>\n<li id=\"menu-item-1994\" class=\"menu-item menu-item-type-post_type menu-item-object-page menu-item-1994\"><a href=\"https:\/\/www.anaphylaxieschulung.de\/en\/informationen-fuer-betroffene\/kosten\/\">Costs<\/a><\/li>\n<li id=\"menu-item-2742\" class=\"menu-item menu-item-type-post_type menu-item-object-page menu-item-2742\"><a href=\"https:\/\/www.anaphylaxieschulung.de\/en\/informationen-fuer-betroffene\/medikamentengabe-in-kita-und-schule\/\">Administration of Medication in Daycare Centres and Schools<\/a><\/li>\n<\/ul><\/div>\t\t\t\t<\/div>\n\t\t\t\t<\/div>\n\t\t\t\t<\/div>\n\t\t<div class=\"elementor-element elementor-element-f6e647c e-con-full e-flex e-con e-child\" data-id=\"f6e647c\" data-element_type=\"container\" data-e-type=\"container\">\n\t\t\t\t<div class=\"elementor-element elementor-element-74b5ba8 einzug elementor-widget elementor-widget-text-editor\" data-id=\"74b5ba8\" data-element_type=\"widget\" data-e-type=\"widget\" data-settings=\"{&quot;_animation&quot;:&quot;none&quot;}\" data-widget_type=\"text-editor.default\">\n\t\t\t\t<div class=\"elementor-widget-container\">\n\t\t\t\t\t\t\t\t\t<section style=\"padding-bottom: 30px;\"><h1>Overview of our Training Content<\/h1><ul><li>What is anaphylaxis?<\/li><li>Which diagnostic tests are useful?<\/li><li>What are the treatment approaches?<\/li><li>What are the triggers and how can I avoid them?<\/li><li>How do I recognise symptoms?<\/li><li>When do I use which medication?<\/li><li>How do I handle the adrenaline auto-injector safely?<\/li><li>What do I do with my child in nursery school\/school?<\/li><li>How do I manage my everyday life?<\/li><li>How can I better deal with illness-related stress\/anxiety?<\/li><\/ul><\/section>\t\t\t\t\t\t\t\t<\/div>\n\t\t\t\t<\/div>\n\t\t\t\t<\/div>\n\t\t\t\t\t<\/div>\n\t\t\t\t<\/div>\n\t\t\t\t<\/div>","protected":false},"excerpt":{"rendered":"<p>Kontakt \u00dcbersicht \u00fcber unsere Schulungsinhalte Was ist Anaphylaxie? Welche diagnostischen Tests sind sinnvoll? Welche Behandlungsans\u00e4tze gibt es? Was sind die Ausl\u00f6ser und wie kann ich sie vermeiden? Wie erkenne ich Symptome? Wann benutze ich welches Medikament? Wie gehe ich sicher mit dem Adrenalin Autoinjektor um? Was mache ich mit meinem Kind im Kindergarten\/in der Schule? &#8230; <a title=\"Training Content\" class=\"read-more\" href=\"https:\/\/www.anaphylaxieschulung.de\/en\/informationen-fuer-betroffene\/anaphylaxieschulung-schulungsinhalte\/\" aria-label=\"Read more about Schulungsinhalte\">Read more<\/a><\/p>","protected":false},"author":2,"featured_media":0,"parent":279,"menu_order":2,"comment_status":"closed","ping_status":"closed","template":"","meta":{"footnotes":""},"class_list":["post-362","page","type-page","status-publish"],"yoast_head":"<!-- This site is optimized with the Yoast SEO plugin v27.3 - https:\/\/yoast.com\/product\/yoast-seo-wordpress\/ -->\n<title>Schulungsinhalte - Arbeitsgemeinschaft Anaphylaxie<\/title>\n<meta name=\"description\" content=\"Anaphylaxieschulung: \u2022 Symptome erkennen \u2022 Ausl\u00f6ser vermeiden \u2022 Sicherer Umgang mit Adrenalin-Autoinjektor und Notfallset und Unterst\u00fctzung beim Thema Angst, Krankheitsbew\u00e4ltigung\" \/>\n<meta name=\"robots\" content=\"index, follow, max-snippet:-1, max-image-preview:large, max-video-preview:-1\" \/>\n<link rel=\"canonical\" href=\"https:\/\/www.anaphylaxieschulung.de\/en\/informationen-fuer-betroffene\/anaphylaxieschulung-schulungsinhalte\/\" \/>\n<meta property=\"og:locale\" content=\"en_GB\" \/>\n<meta property=\"og:type\" content=\"article\" \/>\n<meta property=\"og:title\" content=\"Schulungsinhalte - Arbeitsgemeinschaft Anaphylaxie\" \/>\n<meta property=\"og:description\" content=\"Anaphylaxieschulung: \u2022 Symptome erkennen \u2022 Ausl\u00f6ser vermeiden \u2022 Sicherer Umgang mit Adrenalin-Autoinjektor und Notfallset und Unterst\u00fctzung beim Thema Angst, Krankheitsbew\u00e4ltigung\" \/>\n<meta property=\"og:url\" content=\"https:\/\/www.anaphylaxieschulung.de\/en\/informationen-fuer-betroffene\/anaphylaxieschulung-schulungsinhalte\/\" \/>\n<meta property=\"og:site_name\" content=\"Arbeitsgemeinschaft Anaphylaxie\" \/>\n<meta property=\"article:modified_time\" content=\"2025-01-17T10:58:59+00:00\" \/>\n<meta name=\"twitter:card\" content=\"summary_large_image\" \/>\n<meta name=\"twitter:label1\" content=\"Estimated reading time\" \/>\n\t<meta name=\"twitter:data1\" content=\"1 minute\" \/>\n<script type=\"application\/ld+json\" class=\"yoast-schema-graph\">{\"@context\":\"https:\\\/\\\/schema.org\",\"@graph\":[{\"@type\":\"WebPage\",\"@id\":\"https:\\\/\\\/www.anaphylaxieschulung.de\\\/informationen-fuer-betroffene\\\/anaphylaxieschulung-schulungsinhalte\\\/\",\"url\":\"https:\\\/\\\/www.anaphylaxieschulung.de\\\/informationen-fuer-betroffene\\\/anaphylaxieschulung-schulungsinhalte\\\/\",\"name\":\"Schulungsinhalte - Arbeitsgemeinschaft Anaphylaxie\",\"isPartOf\":{\"@id\":\"https:\\\/\\\/www.anaphylaxieschulung.de\\\/#website\"},\"datePublished\":\"2020-01-04T12:50:12+00:00\",\"dateModified\":\"2025-01-17T10:58:59+00:00\",\"description\":\"Anaphylaxieschulung: \u2022 Symptome erkennen \u2022 Ausl\u00f6ser vermeiden \u2022 Sicherer Umgang mit Adrenalin-Autoinjektor und Notfallset und Unterst\u00fctzung beim Thema Angst, Krankheitsbew\u00e4ltigung\",\"breadcrumb\":{\"@id\":\"https:\\\/\\\/www.anaphylaxieschulung.de\\\/informationen-fuer-betroffene\\\/anaphylaxieschulung-schulungsinhalte\\\/#breadcrumb\"},\"inLanguage\":\"en-GB\",\"potentialAction\":[{\"@type\":\"ReadAction\",\"target\":[\"https:\\\/\\\/www.anaphylaxieschulung.de\\\/informationen-fuer-betroffene\\\/anaphylaxieschulung-schulungsinhalte\\\/\"]}]},{\"@type\":\"BreadcrumbList\",\"@id\":\"https:\\\/\\\/www.anaphylaxieschulung.de\\\/informationen-fuer-betroffene\\\/anaphylaxieschulung-schulungsinhalte\\\/#breadcrumb\",\"itemListElement\":[{\"@type\":\"ListItem\",\"position\":1,\"name\":\"Startseite\",\"item\":\"https:\\\/\\\/www.anaphylaxieschulung.de\\\/\"},{\"@type\":\"ListItem\",\"position\":2,\"name\":\"Informationen f\u00fcr Betroffene\",\"item\":\"https:\\\/\\\/www.anaphylaxieschulung.de\\\/informationen-fuer-betroffene\\\/\"},{\"@type\":\"ListItem\",\"position\":3,\"name\":\"Schulungsinhalte\"}]},{\"@type\":\"WebSite\",\"@id\":\"https:\\\/\\\/www.anaphylaxieschulung.de\\\/#website\",\"url\":\"https:\\\/\\\/www.anaphylaxieschulung.de\\\/\",\"name\":\"Arbeitsgemeinschaft Anaphylaxie\",\"description\":\"Training und Education e. V.\",\"publisher\":{\"@id\":\"https:\\\/\\\/www.anaphylaxieschulung.de\\\/#organization\"},\"potentialAction\":[{\"@type\":\"SearchAction\",\"target\":{\"@type\":\"EntryPoint\",\"urlTemplate\":\"https:\\\/\\\/www.anaphylaxieschulung.de\\\/?s={search_term_string}\"},\"query-input\":{\"@type\":\"PropertyValueSpecification\",\"valueRequired\":true,\"valueName\":\"search_term_string\"}}],\"inLanguage\":\"en-GB\"},{\"@type\":\"Organization\",\"@id\":\"https:\\\/\\\/www.anaphylaxieschulung.de\\\/#organization\",\"name\":\"Arbeitsgemeinschaft Anaphylaxie Training und Edukation e. V. (AGATE)\",\"url\":\"https:\\\/\\\/www.anaphylaxieschulung.de\\\/\",\"logo\":{\"@type\":\"ImageObject\",\"inLanguage\":\"en-GB\",\"@id\":\"https:\\\/\\\/www.anaphylaxieschulung.de\\\/#\\\/schema\\\/logo\\\/image\\\/\",\"url\":\"https:\\\/\\\/www.anaphylaxieschulung.de\\\/wp-content\\\/uploads\\\/2021\\\/07\\\/cropped-favicon.jpg\",\"contentUrl\":\"https:\\\/\\\/www.anaphylaxieschulung.de\\\/wp-content\\\/uploads\\\/2021\\\/07\\\/cropped-favicon.jpg\",\"width\":512,\"height\":512,\"caption\":\"Arbeitsgemeinschaft Anaphylaxie Training und Edukation e. V. (AGATE)\"},\"image\":{\"@id\":\"https:\\\/\\\/www.anaphylaxieschulung.de\\\/#\\\/schema\\\/logo\\\/image\\\/\"}}]}<\/script>\n<!-- \/ Yoast SEO plugin. -->","yoast_head_json":{"title":"Schulungsinhalte - Arbeitsgemeinschaft Anaphylaxie","description":"Anaphylaxieschulung: \u2022 Symptome erkennen \u2022 Ausl\u00f6ser vermeiden \u2022 Sicherer Umgang mit Adrenalin-Autoinjektor und Notfallset und Unterst\u00fctzung beim Thema Angst, Krankheitsbew\u00e4ltigung","robots":{"index":"index","follow":"follow","max-snippet":"max-snippet:-1","max-image-preview":"max-image-preview:large","max-video-preview":"max-video-preview:-1"},"canonical":"https:\/\/www.anaphylaxieschulung.de\/en\/informationen-fuer-betroffene\/anaphylaxieschulung-schulungsinhalte\/","og_locale":"en_GB","og_type":"article","og_title":"Schulungsinhalte - Arbeitsgemeinschaft Anaphylaxie","og_description":"Anaphylaxieschulung: \u2022 Symptome erkennen \u2022 Ausl\u00f6ser vermeiden \u2022 Sicherer Umgang mit Adrenalin-Autoinjektor und Notfallset und Unterst\u00fctzung beim Thema Angst, Krankheitsbew\u00e4ltigung","og_url":"https:\/\/www.anaphylaxieschulung.de\/en\/informationen-fuer-betroffene\/anaphylaxieschulung-schulungsinhalte\/","og_site_name":"Arbeitsgemeinschaft Anaphylaxie","article_modified_time":"2025-01-17T10:58:59+00:00","twitter_card":"summary_large_image","twitter_misc":{"Estimated reading time":"1 minute"},"schema":{"@context":"https:\/\/schema.org","@graph":[{"@type":"WebPage","@id":"https:\/\/www.anaphylaxieschulung.de\/informationen-fuer-betroffene\/anaphylaxieschulung-schulungsinhalte\/","url":"https:\/\/www.anaphylaxieschulung.de\/informationen-fuer-betroffene\/anaphylaxieschulung-schulungsinhalte\/","name":"Schulungsinhalte - Arbeitsgemeinschaft Anaphylaxie","isPartOf":{"@id":"https:\/\/www.anaphylaxieschulung.de\/#website"},"datePublished":"2020-01-04T12:50:12+00:00","dateModified":"2025-01-17T10:58:59+00:00","description":"Anaphylaxieschulung: \u2022 Symptome erkennen \u2022 Ausl\u00f6ser vermeiden \u2022 Sicherer Umgang mit Adrenalin-Autoinjektor und Notfallset und Unterst\u00fctzung beim Thema Angst, Krankheitsbew\u00e4ltigung","breadcrumb":{"@id":"https:\/\/www.anaphylaxieschulung.de\/informationen-fuer-betroffene\/anaphylaxieschulung-schulungsinhalte\/#breadcrumb"},"inLanguage":"en-GB","potentialAction":[{"@type":"ReadAction","target":["https:\/\/www.anaphylaxieschulung.de\/informationen-fuer-betroffene\/anaphylaxieschulung-schulungsinhalte\/"]}]},{"@type":"BreadcrumbList","@id":"https:\/\/www.anaphylaxieschulung.de\/informationen-fuer-betroffene\/anaphylaxieschulung-schulungsinhalte\/#breadcrumb","itemListElement":[{"@type":"ListItem","position":1,"name":"Startseite","item":"https:\/\/www.anaphylaxieschulung.de\/"},{"@type":"ListItem","position":2,"name":"Informationen f\u00fcr Betroffene","item":"https:\/\/www.anaphylaxieschulung.de\/informationen-fuer-betroffene\/"},{"@type":"ListItem","position":3,"name":"Schulungsinhalte"}]},{"@type":"WebSite","@id":"https:\/\/www.anaphylaxieschulung.de\/#website","url":"https:\/\/www.anaphylaxieschulung.de\/","name":"Arbeitsgemeinschaft Anaphylaxie","description":"Training und Education e. V.","publisher":{"@id":"https:\/\/www.anaphylaxieschulung.de\/#organization"},"potentialAction":[{"@type":"SearchAction","target":{"@type":"EntryPoint","urlTemplate":"https:\/\/www.anaphylaxieschulung.de\/?s={search_term_string}"},"query-input":{"@type":"PropertyValueSpecification","valueRequired":true,"valueName":"search_term_string"}}],"inLanguage":"en-GB"},{"@type":"Organization","@id":"https:\/\/www.anaphylaxieschulung.de\/#organization","name":"Arbeitsgemeinschaft Anaphylaxie Training und Edukation e. V. (AGATE)","url":"https:\/\/www.anaphylaxieschulung.de\/","logo":{"@type":"ImageObject","inLanguage":"en-GB","@id":"https:\/\/www.anaphylaxieschulung.de\/#\/schema\/logo\/image\/","url":"https:\/\/www.anaphylaxieschulung.de\/wp-content\/uploads\/2021\/07\/cropped-favicon.jpg","contentUrl":"https:\/\/www.anaphylaxieschulung.de\/wp-content\/uploads\/2021\/07\/cropped-favicon.jpg","width":512,"height":512,"caption":"Arbeitsgemeinschaft Anaphylaxie Training und Edukation e. V. (AGATE)"},"image":{"@id":"https:\/\/www.anaphylaxieschulung.de\/#\/schema\/logo\/image\/"}}]}},"_links":{"self":[{"href":"https:\/\/www.anaphylaxieschulung.de\/en\/wp-json\/wp\/v2\/pages\/362","targetHints":{"allow":["GET"]}}],"collection":[{"href":"https:\/\/www.anaphylaxieschulung.de\/en\/wp-json\/wp\/v2\/pages"}],"about":[{"href":"https:\/\/www.anaphylaxieschulung.de\/en\/wp-json\/wp\/v2\/types\/page"}],"author":[{"embeddable":true,"href":"https:\/\/www.anaphylaxieschulung.de\/en\/wp-json\/wp\/v2\/users\/2"}],"replies":[{"embeddable":true,"href":"https:\/\/www.anaphylaxieschulung.de\/en\/wp-json\/wp\/v2\/comments?post=362"}],"version-history":[{"count":37,"href":"https:\/\/www.anaphylaxieschulung.de\/en\/wp-json\/wp\/v2\/pages\/362\/revisions"}],"predecessor-version":[{"id":5827,"href":"https:\/\/www.anaphylaxieschulung.de\/en\/wp-json\/wp\/v2\/pages\/362\/revisions\/5827"}],"up":[{"embeddable":true,"href":"https:\/\/www.anaphylaxieschulung.de\/en\/wp-json\/wp\/v2\/pages\/279"}],"wp:attachment":[{"href":"https:\/\/www.anaphylaxieschulung.de\/en\/wp-json\/wp\/v2\/media?parent=362"}],"curies":[{"name":"wp","href":"https:\/\/api.w.org\/{rel}","templated":true}]}}