{"id":3,"date":"2019-12-03T08:48:05","date_gmt":"2019-12-03T07:48:05","guid":{"rendered":"https:\/\/www.anaphylaxieschulung.de\/?page_id=3"},"modified":"2025-05-12T13:31:46","modified_gmt":"2025-05-12T11:31:46","slug":"datenschutzerklaerung","status":"publish","type":"page","link":"https:\/\/www.anaphylaxieschulung.de\/en\/datenschutzerklaerung\/","title":{"rendered":"Privacy Policy"},"content":{"rendered":"<div data-elementor-type=\"wp-page\" data-elementor-id=\"3\" class=\"elementor elementor-3\">\n\t\t\t\t<div class=\"elementor-element elementor-element-0979722 e-flex e-con-boxed e-con e-parent\" data-id=\"0979722\" data-element_type=\"container\" data-e-type=\"container\">\n\t\t\t\t\t<div class=\"e-con-inner\">\n\t\t<div class=\"elementor-element elementor-element-d4a41d5 e-con-full e-flex e-con e-child\" data-id=\"d4a41d5\" data-element_type=\"container\" data-e-type=\"container\">\n\t\t\t\t<div class=\"elementor-element elementor-element-b67f601 elementor-hidden-tablet elementor-hidden-phone elementor-widget elementor-widget-html\" data-id=\"b67f601\" data-element_type=\"widget\" data-e-type=\"widget\" data-widget_type=\"html.default\">\n\t\t\t\t<div class=\"elementor-widget-container\">\n\t\t\t\t\t<div class=\"kontakt\">\n   <p><a href=\"https:\/\/www.anaphylaxieschulung.de\/en\/kontakt\/\"><i aria-hidden=\"true\" class=\"far fa-envelope\"><\/i> Contact<\/a><\/p>\n<\/div>\t\t\t\t<\/div>\n\t\t\t\t<\/div>\n\t\t\t\t<\/div>\n\t\t\t\t\t<\/div>\n\t\t\t\t<\/div>\n\t\t<div class=\"elementor-element elementor-element-d9df91f e-flex e-con-boxed elementor-invisible e-con e-parent\" data-id=\"d9df91f\" data-element_type=\"container\" data-e-type=\"container\" data-settings=\"{&quot;animation&quot;:&quot;fadeIn&quot;}\">\n\t\t\t\t\t<div class=\"e-con-inner\">\n\t\t<div class=\"elementor-element elementor-element-3be5d31 e-con-full e-flex e-con e-child\" data-id=\"3be5d31\" data-element_type=\"container\" data-e-type=\"container\">\n\t\t\t\t<div class=\"elementor-element elementor-element-635a9f5 elementor-widget elementor-widget-text-editor\" data-id=\"635a9f5\" data-element_type=\"widget\" data-e-type=\"widget\" data-widget_type=\"text-editor.default\">\n\t\t\t\t<div class=\"elementor-widget-container\">\n\t\t\t\t\t\t\t\t\t<p>The responsible party within the meaning of the data protection laws, in particular the EU General Data Protection Regulation (DSGVO), is:<\/p><p>Prof. Dr. Kirsten Beyer,<br \/>Arbeitsgemeinschaft Anaphylaxie Training und Education e.V.<br \/>Augustenburger Platz 1<br \/>13353, Berlin,\u00a0 Deutschland<\/p><p>E-Mail-Adresse: &#97;&#x67;&#x61;t&#101;&#x40;c&#104;&#x61;&#x72;i&#116;&#x65;&#46;&#100;&#x65;<\/p><h3>Your data subject rights<\/h3><p>You can exercise the following rights at any time using the contact details provided by our data protection officer:<\/p><ul><li>Information about your data stored by us and its processing (Art. 15 DSGVO),<\/li><li>Correction of inaccurate personal data (Art. 16 GDPR),<\/li><li>Deletion of your data stored with us (Art. 17 DSGVO),<\/li><li>Restriction of data processing if we are not yet allowed to delete your data due to legal obligations (Art. 18 DSGVO),<\/li><li>object to the processing of your data by us (Art. 21 DSGVO) and<\/li><li>Data portability, provided you have consented to the data processing or have concluded a contract with us (Art. 20 DSGVO).<\/li><\/ul><p>If you have given us consent, you can revoke this at any time with effect for the future.<\/p><p>You can contact a supervisory authority at any time with a complaint, e.g. the competent supervisory authority in the federal state of your residence or the authority responsible for us as the responsible body.<\/p><p>A list of the supervisory authorities (for the non-public sector) with address can be found at: <a href=\"https:\/\/www.bfdi.bund.de\/DE\/Infothek\/Anschriften_Links\/anschriften_links-node.html\" target=\"_blank\" rel=\"nofollow noopener\">https:\/\/www.bfdi.bund.de\/DE\/Infothek\/Anschriften_Links\/anschriften_links-node.html<\/a>.<\/p><h3>Collection of general information when visiting our website<\/h3><p><strong>Nature and purpose of the processing:<br \/><\/strong>When you access our website, i.e. if you do not register or otherwise submit information, information of a general nature is automatically collected. This information (server log files) includes, for example, the type of web browser, the operating system used, the domain name of your internet service provider, your IP address and the like.<\/p><p>In particular, they are processed for the following purposes:<\/p><ul><li>Sicherstellung eines problemlosen Verbindungsaufbaus der Website,<\/li><li>Ensuring a smooth use of our website,<\/li><li>Evaluation of system security and stability, and<\/li><li>to optimise our website.<\/li><\/ul><p>We do not use your data to draw conclusions about your person. Information of this kind is evaluated anonymously by us statistically, if necessary, in order to optimise our website and the technology behind it.<\/p><p><strong>Legal basis and legitimate interest:<br \/><\/strong>The processing is carried out in accordance with Art. 6 para. 1 lit. f DSGVO on the basis of our legitimate interest in improving the stability and functionality of our website.<\/p><p><strong>Recipient<br \/><\/strong>Recipients of the data may be technical service providers who act as order processors for the operation and maintenance of our website.<\/p><p><strong>Storage period:<br \/><\/strong>The data is deleted as soon as it is no longer required for the purpose for which it was collected. This is generally the case for data used to provide the website when the respective session has ended.<\/p><p><strong>Provision prescribed or required:<br \/><\/strong>The provision of the aforementioned personal data is neither legally nor contractually required. However, without the IP address, the service and functionality of our website cannot be guaranteed. In addition, individual services and services may not be available or may be restricted. For this reason, an objection is excluded.<\/p><div>\u00a0<\/div><h3>Cookies<\/h3><p>Like many other websites, we also use so-called \"cookies\". Cookies are small text files that are stored on your end device (laptop, tablet, smartphone or similar) when you visit our website.<\/p><p>You can delete individual cookies or the entire cookie inventory. In addition, you will receive information and instructions on how to delete these cookies or block their storage in advance. Depending on the provider of your browser, you will find the necessary information under the following links:<\/p><ul><li>Mozilla Firefox: <a href=\"https:\/\/support.mozilla.org\/de\/kb\/cookies-loeschen-daten-von-websites-entfernen\" target=\"_blank\" rel=\"nofollow noopener\">https:\/\/support.mozilla.org\/de\/kb\/cookies-loeschen-daten-von-websites-entfernen<\/a><\/li><li>Internet Explorer: <a href=\"https:\/\/support.microsoft.com\/de-de\/help\/17442\/windows-internet-explorer-delete-manage-cookies\" target=\"_blank\" rel=\"nofollow noopener\">https:\/\/support.microsoft.com\/de-de\/help\/17442\/windows-internet-explorer-delete-manage-cookies<\/a><\/li><li>Google Chrome: <a href=\"https:\/\/support.google.com\/accounts\/answer\/61416?hl=de\" target=\"_blank\" rel=\"nofollow noopener\">https:\/\/support.google.com\/accounts\/answer\/61416?hl=de<\/a><\/li><li>Opera: <a href=\"http:\/\/www.opera.com\/de\/help\" target=\"_blank\" rel=\"nofollow noopener\">http:\/\/www.opera.com\/de\/help<\/a><\/li><li>Safari: <a href=\"https:\/\/support.apple.com\/kb\/PH17191?locale=de_DE&amp;viewlocale=de_DE\" target=\"_blank\" rel=\"nofollow noopener\">https:\/\/support.apple.com\/kb\/PH17191?locale=de_DE&amp;viewlocale=de_DE<\/a><\/li><\/ul><p><strong>Storage duration and cookies used:<br \/><\/strong>If you allow us to use cookies through your browser settings or consent, the following cookies may be used on our websites:<\/p><ul><li>Elementor<\/li><li>Real Cookie Banner<\/li><li>Popup Marker<\/li><\/ul><h3>Technically necessary cookies<\/h3><p><strong>Nature and purpose of the processing:<br \/><\/strong>We use cookies to make our website more user-friendly. Some elements of our website require that the calling browser can be identified even after a page change.<\/p><p>The purpose of using technically necessary cookies is to simplify the use of websites for users. Some functions of our website cannot be offered without the use of cookies. For these, it is necessary that the browser is recognised even after a page change.<\/p><p>We need cookies for the following applications:<\/p><hr \/><p><strong>Elementor:<br \/><\/strong>Elementor is a software used to create the layout of this website. Cookies are used to store the number of page views and active sessions of the user. The collected data is not used for analysis purposes, but only to ensure that, for example, hidden elements are not displayed again during multiple active sessions.<\/p><p><strong>Provider:<\/strong> ARBEITSGEMEINSCHAFT ANAPHYLAXIE Training und Education e. V.\/anaphylaxieschulung.de<br \/><strong>Data protection declaration<\/strong> <strong><a href=\"https:\/\/www.anaphylaxieschulung.de\/en\/datenschutzerklaerung\/\">https:\/\/www.anaphylaxieschulung.de\/datenschutzerklaerung<\/a><br \/>Storage period:<\/strong> Session<\/p><hr \/><p><strong>Real Cookie Banner:<br \/><\/strong>Real Cookie Banner asks website visitors for consent to set cookies and process personal data. For this purpose, each website visitor is assigned a UUID (pseudonymous identification of the user), which is valid until the cookie expires to store the consent. Cookies are used to test whether cookies can be set, to store reference to documented consent, to store which services from which service groups the visitor has consented to, and, if consent is obtained under the Transparency &amp; Consent Framework (TCF), to store consent in TCF Partners, Purposes, Specific Purposes, Functions and Specific Functions. As part of the duty of disclosure under the GDPR, the consent collected is fully documented. This includes, in addition to the services and service groups to which the visitor has consented, and if consent is obtained according to the TCF standard, to which TCF partners, purposes and functions the visitor has consented, all cookie banner settings at the time of consent as well as the technical circumstances (e.g. size of the viewing area at the time of consent) and the user interactions (e.g. clicking on buttons) that led to consent. Consent is collected once per language.<\/p><p><strong>Provider:<\/strong> ARBEITSGEMEINSCHAFT ANAPHYLAXIE Training und Education e. V.\/anaphylaxieschulung.de<br \/><strong>Data protection declaration <a href=\"https:\/\/www.anaphylaxieschulung.de\/en\/datenschutzerklaerung\/\">https:\/\/www.anaphylaxieschulung.de\/datenschutzerklaerung<\/a><br \/>Storage period:<\/strong> 365 Tag(e)<\/p><hr \/><p><strong>Legal basis and legitimate interest:<br \/><\/strong>The processing is carried out in accordance with Art. 6 para. 1 lit. f DSGVO on the basis of our legitimate interest in a user-friendly design of our website.<\/p><p><strong>Recipient<br \/><\/strong>Recipients of the data may be technical service providers who act as order processors for the operation and maintenance of our website.<\/p><h3>Contact form<\/h3><p><strong>Nature and purpose of the processing:<br \/><\/strong>The data you enter will be stored for the purpose of individual communication with you. For this purpose, it is necessary to provide a valid e-mail address and your name. This is used for the assignment of the enquiry and the subsequent response to it. The provision of further data is optional.<\/p><p><strong>Legal basis:<br \/><\/strong>The processing of the data entered in the contact form is based on a legitimate interest (Art. 6 para. 1 lit. f DSGVO).<\/p><p>By providing the contact form, we would like to enable you to contact us easily. The information you provide will be stored for the purpose of processing your enquiry and for possible follow-up questions.<\/p><p>If you contact us to enquire about membership, the data entered in the contact form will be processed to carry out pre-contractual measures (Art. 6 para. 1 lit. b DSGVO).<\/p><p><strong>Recipient<br \/><\/strong>Recipients of the data are, if applicable, order processors.<\/p><p><strong>Storage period:<br \/><\/strong>Data will be deleted no later than 6 months after the request has been processed.<\/p><p>If a contractual relationship arises, we are subject to the statutory retention periods according to the German Commercial Code (HGB) and delete your data after these periods have expired.<\/p><p><strong>Provision prescribed or required:<br \/><\/strong>The provision of your personal data is voluntary. However, we can only process your request if you provide us with your name, e-mail address and the reason for the request.<\/p><h3>Use of script libraries (Google Web Fonts)<\/h3><p>In order to display our content correctly and in a graphically appealing manner across browsers, we use \"Google Web Fonts\" from Google LLC (1600 Amphitheatre Parkway, Mountain View, CA 94043, USA; hereinafter \"Google\") on this website to display fonts.<\/p><p>You can find more information about Google Web Fonts at <a href=\"https:\/\/developers.google.com\/fonts\/faq\" target=\"_blank\" rel=\"noopener nofollow\">https:\/\/developers.google.com\/fonts\/faq<\/a> and in Google's privacy policy: <a href=\"https:\/\/www.google.com\/policies\/privacy\/\" target=\"_blank\" rel=\"noopener nofollow\">https:\/\/www.google.com\/policies\/privacy\/<\/a>.<\/p><h3>SSL encryption<\/h3><p>To protect the security of your data during transmission, we use state-of-the-art encryption procedures (e.g. SSL) via HTTPS.<\/p><h3>Information about your right to object according to Art. 21 DSGVO<\/h3><p><strong>Right to object on a case-by-case basis<\/strong><\/p><p>You have the right to object at any time, on grounds relating to your particular situation, to the processing of personal data relating to you which is carried out on the basis of Art. 6(1)(f) DSGVO (data processing on the basis of a balance of interests); this also applies to profiling based on this provision within the meaning of Art. 4 No. 4 DSGVO.<\/p><p>If you object, we will no longer process your personal data unless we can demonstrate compelling legitimate grounds for the processing which override your interests, rights and freedoms, or the processing serves to assert, exercise or defend legal claims.<\/p><p><strong>Recipient of an opposition<\/strong><\/p><p>Prof. Dr. Kirsten Beyer,<br \/>Arbeitsgemeinschaft Anaphylaxie Training und Education e.V.<br \/>Augustenburger Platz 1<br \/>13353, Berlin, Deutschland<\/p><p>&#97;g&#x61;t&#x65;&#64;&#x63;&#104;&#x61;&#114;i&#x74;e&#x2e;&#100;&#x65;<\/p><h3>Change to our privacy policy<\/h3><p>We reserve the right to adapt this data protection declaration so that it always complies with the current legal requirements or in order to implement changes to our services in the data protection declaration, e.g. when introducing new services. The new data protection statement will then apply to your next visit.<\/p><h3>Questions to the Data Protection Officer<\/h3><p>If you have any questions about data protection, please write us an email or contact the person responsible for data protection in our organisation directly:<\/p><p>Arbeitsgemeinschaft Anaphylaxie Training und Education e.V.<br \/>Augustenburger Platz 1<br \/>13353, Berlin, Deutschland<br \/>&#97;&#x67;&#97;&#x74;e&#64;&#x63;&#104;&#x61;r&#x69;t&#101;&#x2e;&#100;&#x65;<\/p><p><em>The data protection declaration was created with the help of activeMind AG, the experts for <a href=\"https:\/\/www.activemind.de\/datenschutz\/datenschutzbeauftragter\/\" target=\"_blank\" rel=\"noopener\">externe Datenschutzbeauftragte<\/a> (Version #2020-09-30).<\/em><\/p>\t\t\t\t\t\t\t\t<\/div>\n\t\t\t\t<\/div>\n\t\t\t\t<\/div>\n\t\t\t\t\t<\/div>\n\t\t\t\t<\/div>\n\t\t\t\t<\/div>","protected":false},"excerpt":{"rendered":"<p>Kontakt Verantwortlicher im Sinne der Datenschutzgesetze, insbesondere der EU-Datenschutzgrundverordnung (DSGVO), ist: Prof. Dr. Kirsten Beyer,Arbeitsgemeinschaft Anaphylaxie Training und Education e.V.Augustenburger Platz 113353, Berlin,\u00a0 Deutschland E-Mail-Adresse: a&#103;&#x61;&#x74;&#x65;&#64;&#99;&#x68;&#x61;&#x72;i&#116;&#x65;&#x2e;&#x64;e Ihre Betroffenenrechte Unter den angegebenen Kontaktdaten unseres Datenschutzbeauftragten k\u00f6nnen Sie jederzeit folgende Rechte aus\u00fcben: Auskunft \u00fcber Ihre bei uns gespeicherten Daten und deren Verarbeitung (Art. 15 DSGVO), Berichtigung unrichtiger &#8230; <a title=\"Datenschutz&shy;erkl\u00e4rung\" class=\"read-more\" href=\"https:\/\/www.anaphylaxieschulung.de\/en\/datenschutzerklaerung\/\" aria-label=\"Read more about Datenschutz&shy;erkl\u00e4rung\">Read more<\/a><\/p>","protected":false},"author":2,"featured_media":0,"parent":0,"menu_order":110,"comment_status":"closed","ping_status":"closed","template":"","meta":{"footnotes":""},"class_list":["post-3","page","type-page","status-publish"],"yoast_head":"<!-- This site is optimized with the Yoast SEO plugin v27.3 - https:\/\/yoast.com\/product\/yoast-seo-wordpress\/ -->\n<title>Datenschutz&shy;erkl\u00e4rung - Arbeitsgemeinschaft Anaphylaxie<\/title>\n<meta name=\"description\" content=\"Datenschutzerkl\u00e4rung der \u00bbArbeitsgemeinschaft Anaphylaxie Training &amp; Edukation e.V.\u00ab\" \/>\n<meta name=\"robots\" content=\"index, follow, max-snippet:-1, max-image-preview:large, max-video-preview:-1\" \/>\n<link rel=\"canonical\" href=\"https:\/\/www.anaphylaxieschulung.de\/en\/datenschutzerklaerung\/\" \/>\n<meta property=\"og:locale\" content=\"en_GB\" \/>\n<meta property=\"og:type\" content=\"article\" \/>\n<meta property=\"og:title\" content=\"Datenschutz&shy;erkl\u00e4rung - Arbeitsgemeinschaft Anaphylaxie\" \/>\n<meta property=\"og:description\" content=\"Datenschutzerkl\u00e4rung der \u00bbArbeitsgemeinschaft Anaphylaxie Training &amp; Edukation e.V.\u00ab\" \/>\n<meta property=\"og:url\" content=\"https:\/\/www.anaphylaxieschulung.de\/en\/datenschutzerklaerung\/\" \/>\n<meta property=\"og:site_name\" content=\"Arbeitsgemeinschaft Anaphylaxie\" \/>\n<meta property=\"article:modified_time\" content=\"2025-05-12T11:31:46+00:00\" \/>\n<meta name=\"twitter:card\" content=\"summary_large_image\" \/>\n<meta name=\"twitter:label1\" content=\"Estimated reading time\" \/>\n\t<meta name=\"twitter:data1\" content=\"9 minutes\" \/>\n<script type=\"application\/ld+json\" class=\"yoast-schema-graph\">{\"@context\":\"https:\\\/\\\/schema.org\",\"@graph\":[{\"@type\":\"WebPage\",\"@id\":\"https:\\\/\\\/www.anaphylaxieschulung.de\\\/datenschutzerklaerung\\\/\",\"url\":\"https:\\\/\\\/www.anaphylaxieschulung.de\\\/datenschutzerklaerung\\\/\",\"name\":\"Datenschutz&shy;erkl\u00e4rung - Arbeitsgemeinschaft Anaphylaxie\",\"isPartOf\":{\"@id\":\"https:\\\/\\\/www.anaphylaxieschulung.de\\\/#website\"},\"datePublished\":\"2019-12-03T07:48:05+00:00\",\"dateModified\":\"2025-05-12T11:31:46+00:00\",\"description\":\"Datenschutzerkl\u00e4rung der \u00bbArbeitsgemeinschaft Anaphylaxie Training & Edukation e.V.\u00ab\",\"breadcrumb\":{\"@id\":\"https:\\\/\\\/www.anaphylaxieschulung.de\\\/datenschutzerklaerung\\\/#breadcrumb\"},\"inLanguage\":\"en-GB\",\"potentialAction\":[{\"@type\":\"ReadAction\",\"target\":[\"https:\\\/\\\/www.anaphylaxieschulung.de\\\/datenschutzerklaerung\\\/\"]}]},{\"@type\":\"BreadcrumbList\",\"@id\":\"https:\\\/\\\/www.anaphylaxieschulung.de\\\/datenschutzerklaerung\\\/#breadcrumb\",\"itemListElement\":[{\"@type\":\"ListItem\",\"position\":1,\"name\":\"Startseite\",\"item\":\"https:\\\/\\\/www.anaphylaxieschulung.de\\\/\"},{\"@type\":\"ListItem\",\"position\":2,\"name\":\"Datenschutz&shy;erkl\u00e4rung\"}]},{\"@type\":\"WebSite\",\"@id\":\"https:\\\/\\\/www.anaphylaxieschulung.de\\\/#website\",\"url\":\"https:\\\/\\\/www.anaphylaxieschulung.de\\\/\",\"name\":\"Arbeitsgemeinschaft Anaphylaxie\",\"description\":\"Training und Education e. V.\",\"publisher\":{\"@id\":\"https:\\\/\\\/www.anaphylaxieschulung.de\\\/#organization\"},\"potentialAction\":[{\"@type\":\"SearchAction\",\"target\":{\"@type\":\"EntryPoint\",\"urlTemplate\":\"https:\\\/\\\/www.anaphylaxieschulung.de\\\/?s={search_term_string}\"},\"query-input\":{\"@type\":\"PropertyValueSpecification\",\"valueRequired\":true,\"valueName\":\"search_term_string\"}}],\"inLanguage\":\"en-GB\"},{\"@type\":\"Organization\",\"@id\":\"https:\\\/\\\/www.anaphylaxieschulung.de\\\/#organization\",\"name\":\"Arbeitsgemeinschaft Anaphylaxie Training und Edukation e. V. (AGATE)\",\"url\":\"https:\\\/\\\/www.anaphylaxieschulung.de\\\/\",\"logo\":{\"@type\":\"ImageObject\",\"inLanguage\":\"en-GB\",\"@id\":\"https:\\\/\\\/www.anaphylaxieschulung.de\\\/#\\\/schema\\\/logo\\\/image\\\/\",\"url\":\"https:\\\/\\\/www.anaphylaxieschulung.de\\\/wp-content\\\/uploads\\\/2021\\\/07\\\/cropped-favicon.jpg\",\"contentUrl\":\"https:\\\/\\\/www.anaphylaxieschulung.de\\\/wp-content\\\/uploads\\\/2021\\\/07\\\/cropped-favicon.jpg\",\"width\":512,\"height\":512,\"caption\":\"Arbeitsgemeinschaft Anaphylaxie Training und Edukation e. V. (AGATE)\"},\"image\":{\"@id\":\"https:\\\/\\\/www.anaphylaxieschulung.de\\\/#\\\/schema\\\/logo\\\/image\\\/\"}}]}<\/script>\n<!-- \/ Yoast SEO plugin. -->","yoast_head_json":{"title":"Datenschutz&shy;erkl\u00e4rung - Arbeitsgemeinschaft Anaphylaxie","description":"Datenschutzerkl\u00e4rung der \u00bbArbeitsgemeinschaft Anaphylaxie Training & Edukation e.V.\u00ab","robots":{"index":"index","follow":"follow","max-snippet":"max-snippet:-1","max-image-preview":"max-image-preview:large","max-video-preview":"max-video-preview:-1"},"canonical":"https:\/\/www.anaphylaxieschulung.de\/en\/datenschutzerklaerung\/","og_locale":"en_GB","og_type":"article","og_title":"Datenschutz&shy;erkl\u00e4rung - Arbeitsgemeinschaft Anaphylaxie","og_description":"Datenschutzerkl\u00e4rung der \u00bbArbeitsgemeinschaft Anaphylaxie Training & Edukation e.V.\u00ab","og_url":"https:\/\/www.anaphylaxieschulung.de\/en\/datenschutzerklaerung\/","og_site_name":"Arbeitsgemeinschaft Anaphylaxie","article_modified_time":"2025-05-12T11:31:46+00:00","twitter_card":"summary_large_image","twitter_misc":{"Estimated reading time":"9 minutes"},"schema":{"@context":"https:\/\/schema.org","@graph":[{"@type":"WebPage","@id":"https:\/\/www.anaphylaxieschulung.de\/datenschutzerklaerung\/","url":"https:\/\/www.anaphylaxieschulung.de\/datenschutzerklaerung\/","name":"Datenschutz&shy;erkl\u00e4rung - Arbeitsgemeinschaft Anaphylaxie","isPartOf":{"@id":"https:\/\/www.anaphylaxieschulung.de\/#website"},"datePublished":"2019-12-03T07:48:05+00:00","dateModified":"2025-05-12T11:31:46+00:00","description":"Datenschutzerkl\u00e4rung der \u00bbArbeitsgemeinschaft Anaphylaxie Training & Edukation e.V.\u00ab","breadcrumb":{"@id":"https:\/\/www.anaphylaxieschulung.de\/datenschutzerklaerung\/#breadcrumb"},"inLanguage":"en-GB","potentialAction":[{"@type":"ReadAction","target":["https:\/\/www.anaphylaxieschulung.de\/datenschutzerklaerung\/"]}]},{"@type":"BreadcrumbList","@id":"https:\/\/www.anaphylaxieschulung.de\/datenschutzerklaerung\/#breadcrumb","itemListElement":[{"@type":"ListItem","position":1,"name":"Startseite","item":"https:\/\/www.anaphylaxieschulung.de\/"},{"@type":"ListItem","position":2,"name":"Datenschutz&shy;erkl\u00e4rung"}]},{"@type":"WebSite","@id":"https:\/\/www.anaphylaxieschulung.de\/#website","url":"https:\/\/www.anaphylaxieschulung.de\/","name":"Arbeitsgemeinschaft Anaphylaxie","description":"Training und Education e. V.","publisher":{"@id":"https:\/\/www.anaphylaxieschulung.de\/#organization"},"potentialAction":[{"@type":"SearchAction","target":{"@type":"EntryPoint","urlTemplate":"https:\/\/www.anaphylaxieschulung.de\/?s={search_term_string}"},"query-input":{"@type":"PropertyValueSpecification","valueRequired":true,"valueName":"search_term_string"}}],"inLanguage":"en-GB"},{"@type":"Organization","@id":"https:\/\/www.anaphylaxieschulung.de\/#organization","name":"Arbeitsgemeinschaft Anaphylaxie Training und Edukation e. V. (AGATE)","url":"https:\/\/www.anaphylaxieschulung.de\/","logo":{"@type":"ImageObject","inLanguage":"en-GB","@id":"https:\/\/www.anaphylaxieschulung.de\/#\/schema\/logo\/image\/","url":"https:\/\/www.anaphylaxieschulung.de\/wp-content\/uploads\/2021\/07\/cropped-favicon.jpg","contentUrl":"https:\/\/www.anaphylaxieschulung.de\/wp-content\/uploads\/2021\/07\/cropped-favicon.jpg","width":512,"height":512,"caption":"Arbeitsgemeinschaft Anaphylaxie Training und Edukation e. V. (AGATE)"},"image":{"@id":"https:\/\/www.anaphylaxieschulung.de\/#\/schema\/logo\/image\/"}}]}},"_links":{"self":[{"href":"https:\/\/www.anaphylaxieschulung.de\/en\/wp-json\/wp\/v2\/pages\/3","targetHints":{"allow":["GET"]}}],"collection":[{"href":"https:\/\/www.anaphylaxieschulung.de\/en\/wp-json\/wp\/v2\/pages"}],"about":[{"href":"https:\/\/www.anaphylaxieschulung.de\/en\/wp-json\/wp\/v2\/types\/page"}],"author":[{"embeddable":true,"href":"https:\/\/www.anaphylaxieschulung.de\/en\/wp-json\/wp\/v2\/users\/2"}],"replies":[{"embeddable":true,"href":"https:\/\/www.anaphylaxieschulung.de\/en\/wp-json\/wp\/v2\/comments?post=3"}],"version-history":[{"count":94,"href":"https:\/\/www.anaphylaxieschulung.de\/en\/wp-json\/wp\/v2\/pages\/3\/revisions"}],"predecessor-version":[{"id":5894,"href":"https:\/\/www.anaphylaxieschulung.de\/en\/wp-json\/wp\/v2\/pages\/3\/revisions\/5894"}],"wp:attachment":[{"href":"https:\/\/www.anaphylaxieschulung.de\/en\/wp-json\/wp\/v2\/media?parent=3"}],"curies":[{"name":"wp","href":"https:\/\/api.w.org\/{rel}","templated":true}]}}