{"id":2268,"date":"2021-03-05T14:03:11","date_gmt":"2021-03-05T13:03:11","guid":{"rendered":"https:\/\/www.anaphylaxieschulung.de\/?page_id=2268"},"modified":"2023-08-08T15:59:43","modified_gmt":"2023-08-08T13:59:43","slug":"zertifikat","status":"publish","type":"page","link":"https:\/\/www.anaphylaxieschulung.de\/en\/informationen-fuer-trainer-innen\/zertifikat\/","title":{"rendered":"Certification"},"content":{"rendered":"<div data-elementor-type=\"wp-page\" data-elementor-id=\"2268\" class=\"elementor elementor-2268\">\n\t\t\t\t<div class=\"elementor-element elementor-element-72a769d e-flex e-con-boxed e-con e-parent\" data-id=\"72a769d\" data-element_type=\"container\" data-e-type=\"container\">\n\t\t\t\t\t<div class=\"e-con-inner\">\n\t\t<div class=\"elementor-element elementor-element-2e9ca77 e-con-full e-flex e-con e-child\" data-id=\"2e9ca77\" data-element_type=\"container\" data-e-type=\"container\">\n\t\t\t\t<div class=\"elementor-element elementor-element-ca786b2 elementor-widget elementor-widget-html\" data-id=\"ca786b2\" data-element_type=\"widget\" data-e-type=\"widget\" data-widget_type=\"html.default\">\n\t\t\t\t<div class=\"elementor-widget-container\">\n\t\t\t\t\t<div class=\"kontakt\">\n   <p><a href=\"https:\/\/www.anaphylaxieschulung.de\/en\/kontakt\/\"><i aria-hidden=\"true\" class=\"far fa-envelope\"><\/i> Contact<\/a><\/p>\n<\/div>\t\t\t\t<\/div>\n\t\t\t\t<\/div>\n\t\t\t\t<\/div>\n\t\t\t\t\t<\/div>\n\t\t\t\t<\/div>\n\t\t<div class=\"elementor-element elementor-element-2fb17a4 e-flex e-con-boxed elementor-invisible e-con e-parent\" data-id=\"2fb17a4\" data-element_type=\"container\" data-e-type=\"container\" data-settings=\"{&quot;animation&quot;:&quot;fadeIn&quot;}\">\n\t\t\t\t\t<div class=\"e-con-inner\">\n\t\t<div class=\"elementor-element elementor-element-adb469b e-con-full e-flex e-con e-child\" data-id=\"adb469b\" data-element_type=\"container\" data-e-type=\"container\">\n\t\t\t\t<div class=\"elementor-element elementor-element-5b80e96 elementor-widget elementor-widget-wp-widget-nav_menu\" data-id=\"5b80e96\" data-element_type=\"widget\" data-e-type=\"widget\" data-widget_type=\"wp-widget-nav_menu.default\">\n\t\t\t\t<div class=\"elementor-widget-container\">\n\t\t\t\t\t<div class=\"menu-submenu-informationen-fuer-fachpersonal-container\"><ul id=\"menu-submenu-informationen-fuer-fachpersonal\" class=\"menu\"><li id=\"menu-item-2394\" class=\"aktiv menu-item menu-item-type-post_type menu-item-object-page menu-item-2394\"><a href=\"https:\/\/www.anaphylaxieschulung.de\/en\/informationen-fuer-trainer-innen\/trainer-innenausbildung\/\">Trainer Education<\/a><\/li>\n<li id=\"menu-item-2271\" class=\"aktiv menu-item menu-item-type-post_type menu-item-object-page menu-item-2271\"><a href=\"https:\/\/www.anaphylaxieschulung.de\/en\/informationen-fuer-trainer-innen\/zertifikat\/\">Certification<\/a><\/li>\n<li id=\"menu-item-2408\" class=\"aktiv menu-item menu-item-type-post_type menu-item-object-page menu-item-2408\"><a href=\"https:\/\/www.anaphylaxieschulung.de\/en\/informationen-fuer-trainer-innen\/akademien-und-hospitationszentren\/\">Academies and Hospitation Centres<\/a><\/li>\n<li id=\"menu-item-2421\" class=\"aktiv menu-item menu-item-type-post_type menu-item-object-page menu-item-2421\"><a href=\"https:\/\/www.anaphylaxieschulung.de\/en\/informationen-fuer-trainer-innen\/lehrkommission\/\">Teaching Commission<\/a><\/li>\n<\/ul><\/div>\t\t\t\t<\/div>\n\t\t\t\t<\/div>\n\t\t\t\t<\/div>\n\t\t<div class=\"elementor-element elementor-element-192799d e-con-full e-flex e-con e-child\" data-id=\"192799d\" data-element_type=\"container\" data-e-type=\"container\">\n\t\t\t\t<div class=\"elementor-element elementor-element-ea2678e elementor-widget elementor-widget-text-editor\" data-id=\"ea2678e\" data-element_type=\"widget\" data-e-type=\"widget\" data-widget_type=\"text-editor.default\">\n\t\t\t\t<div class=\"elementor-widget-container\">\n\t\t\t\t\t\t\t\t\t<h1>Certification by the AGATE Committee<\/h1><p class=\"translation-block\">The <a href=\"#\" target=\"_self\"><strong>certificate<\/strong><\/a> of completion is issued by the AGATE board after the completion of Stall three course blocks (observation, the theoretical seminar, und supervision).\nIn case of individual decisions or cases, the <a href=\"https:\/\/www.anaphylaxieschulung.de\/en\/informationen-fuer-trainer-innen\/lehrkommission\/\" target=\"_self\"><strong>teaching committee<\/strong><\/a> of AGATE is consulted.<\/p><p>In some academies, course participation without the final certification completion is also possible. This is applicable for professional groups who do not fulfill the prerequisites for trainer education.\nThese participants will receive a certification of participation, but not completion\/qualification.<\/p><h3><strong>Instructor Certificate<\/strong><\/h3><p>The AGATE board of directors can, upon application, grant a corresponding instructor certificate to those members who can provide evidence of relevant experience in anaphylaxis training as well as the required protessional background.<\/p>\t\t\t\t\t\t\t\t<\/div>\n\t\t\t\t<\/div>\n\t\t\t\t<\/div>\n\t\t\t\t\t<\/div>\n\t\t\t\t<\/div>\n\t\t\t\t<\/div>","protected":false},"excerpt":{"rendered":"<p>Kontakt Zertifizierung durch AGATE Gesch\u00e4ftsstelle Das Zertifikat wird nach vollst\u00e4ndiger Absolvierung aller 3 Bl\u00f6cke (Hospitation, Theorieseminar und Supervision) von der AGATE Gesch\u00e4ftsstelle ausgestellt. Im Rahmen von Einzelfallentscheidungen wird die Lehrkommission von AGATE hinzugezogen. In einigen Akademien ist eine Teilnahme ohne den Abschluss mit Trainerzertifikat auch f\u00fcr Fachleute m\u00f6glich, die nicht die Voraussetzungen zur Trainerausbildung erf\u00fcllen. &#8230; <a title=\"Certification\" class=\"read-more\" href=\"https:\/\/www.anaphylaxieschulung.de\/en\/informationen-fuer-trainer-innen\/zertifikat\/\" aria-label=\"Read more about Zertifikat\">Read more<\/a><\/p>","protected":false},"author":2,"featured_media":0,"parent":42,"menu_order":2,"comment_status":"closed","ping_status":"closed","template":"","meta":{"footnotes":""},"class_list":["post-2268","page","type-page","status-publish"],"yoast_head":"<!-- This site is optimized with the Yoast SEO plugin v27.5 - https:\/\/yoast.com\/product\/yoast-seo-wordpress\/ -->\n<title>Zertifikat - Arbeitsgemeinschaft Anaphylaxie<\/title>\n<meta name=\"description\" content=\"Die Zertifizierung zum Anaphylaxietrainer erfolgt durch die AGATE-Gesch\u00e4ftsstelle nach Absolvierung der Bl\u00f6cke: Hospitation, Theorieseminar, Supervision.\" \/>\n<meta name=\"robots\" content=\"index, follow, max-snippet:-1, max-image-preview:large, max-video-preview:-1\" \/>\n<link rel=\"canonical\" href=\"https:\/\/www.anaphylaxieschulung.de\/en\/informationen-fuer-trainer-innen\/zertifikat\/\" \/>\n<meta property=\"og:locale\" content=\"en_GB\" \/>\n<meta property=\"og:type\" content=\"article\" \/>\n<meta property=\"og:title\" content=\"Zertifikat - Arbeitsgemeinschaft Anaphylaxie\" \/>\n<meta property=\"og:description\" content=\"Die Zertifizierung zum Anaphylaxietrainer erfolgt durch die AGATE-Gesch\u00e4ftsstelle nach Absolvierung der Bl\u00f6cke: Hospitation, Theorieseminar, Supervision.\" \/>\n<meta property=\"og:url\" content=\"https:\/\/www.anaphylaxieschulung.de\/en\/informationen-fuer-trainer-innen\/zertifikat\/\" \/>\n<meta property=\"og:site_name\" content=\"Arbeitsgemeinschaft Anaphylaxie\" \/>\n<meta property=\"article:modified_time\" content=\"2023-08-08T13:59:43+00:00\" \/>\n<meta name=\"twitter:card\" content=\"summary_large_image\" \/>\n<meta name=\"twitter:label1\" content=\"Estimated reading time\" \/>\n\t<meta name=\"twitter:data1\" content=\"1 minute\" \/>\n<script type=\"application\/ld+json\" class=\"yoast-schema-graph\">{\"@context\":\"https:\\\/\\\/schema.org\",\"@graph\":[{\"@type\":\"WebPage\",\"@id\":\"https:\\\/\\\/www.anaphylaxieschulung.de\\\/informationen-fuer-trainer-innen\\\/zertifikat\\\/\",\"url\":\"https:\\\/\\\/www.anaphylaxieschulung.de\\\/informationen-fuer-trainer-innen\\\/zertifikat\\\/\",\"name\":\"Zertifikat - Arbeitsgemeinschaft Anaphylaxie\",\"isPartOf\":{\"@id\":\"https:\\\/\\\/www.anaphylaxieschulung.de\\\/#website\"},\"datePublished\":\"2021-03-05T13:03:11+00:00\",\"dateModified\":\"2023-08-08T13:59:43+00:00\",\"description\":\"Die Zertifizierung zum Anaphylaxietrainer erfolgt durch die AGATE-Gesch\u00e4ftsstelle nach Absolvierung der Bl\u00f6cke: Hospitation, Theorieseminar, Supervision.\",\"breadcrumb\":{\"@id\":\"https:\\\/\\\/www.anaphylaxieschulung.de\\\/informationen-fuer-trainer-innen\\\/zertifikat\\\/#breadcrumb\"},\"inLanguage\":\"en-GB\",\"potentialAction\":[{\"@type\":\"ReadAction\",\"target\":[\"https:\\\/\\\/www.anaphylaxieschulung.de\\\/informationen-fuer-trainer-innen\\\/zertifikat\\\/\"]}]},{\"@type\":\"BreadcrumbList\",\"@id\":\"https:\\\/\\\/www.anaphylaxieschulung.de\\\/informationen-fuer-trainer-innen\\\/zertifikat\\\/#breadcrumb\",\"itemListElement\":[{\"@type\":\"ListItem\",\"position\":1,\"name\":\"Startseite\",\"item\":\"https:\\\/\\\/www.anaphylaxieschulung.de\\\/\"},{\"@type\":\"ListItem\",\"position\":2,\"name\":\"Informationen f\u00fcr Trainer*innen\",\"item\":\"https:\\\/\\\/www.anaphylaxieschulung.de\\\/informationen-fuer-trainer-innen\\\/\"},{\"@type\":\"ListItem\",\"position\":3,\"name\":\"Zertifikat\"}]},{\"@type\":\"WebSite\",\"@id\":\"https:\\\/\\\/www.anaphylaxieschulung.de\\\/#website\",\"url\":\"https:\\\/\\\/www.anaphylaxieschulung.de\\\/\",\"name\":\"Arbeitsgemeinschaft Anaphylaxie\",\"description\":\"Training und Education e. V.\",\"publisher\":{\"@id\":\"https:\\\/\\\/www.anaphylaxieschulung.de\\\/#organization\"},\"potentialAction\":[{\"@type\":\"SearchAction\",\"target\":{\"@type\":\"EntryPoint\",\"urlTemplate\":\"https:\\\/\\\/www.anaphylaxieschulung.de\\\/?s={search_term_string}\"},\"query-input\":{\"@type\":\"PropertyValueSpecification\",\"valueRequired\":true,\"valueName\":\"search_term_string\"}}],\"inLanguage\":\"en-GB\"},{\"@type\":\"Organization\",\"@id\":\"https:\\\/\\\/www.anaphylaxieschulung.de\\\/#organization\",\"name\":\"Arbeitsgemeinschaft Anaphylaxie Training und Edukation e. V. (AGATE)\",\"url\":\"https:\\\/\\\/www.anaphylaxieschulung.de\\\/\",\"logo\":{\"@type\":\"ImageObject\",\"inLanguage\":\"en-GB\",\"@id\":\"https:\\\/\\\/www.anaphylaxieschulung.de\\\/#\\\/schema\\\/logo\\\/image\\\/\",\"url\":\"https:\\\/\\\/www.anaphylaxieschulung.de\\\/wp-content\\\/uploads\\\/2021\\\/07\\\/cropped-favicon.jpg\",\"contentUrl\":\"https:\\\/\\\/www.anaphylaxieschulung.de\\\/wp-content\\\/uploads\\\/2021\\\/07\\\/cropped-favicon.jpg\",\"width\":512,\"height\":512,\"caption\":\"Arbeitsgemeinschaft Anaphylaxie Training und Edukation e. V. (AGATE)\"},\"image\":{\"@id\":\"https:\\\/\\\/www.anaphylaxieschulung.de\\\/#\\\/schema\\\/logo\\\/image\\\/\"}}]}<\/script>\n<!-- \/ Yoast SEO plugin. -->","yoast_head_json":{"title":"Zertifikat - Arbeitsgemeinschaft Anaphylaxie","description":"Die Zertifizierung zum Anaphylaxietrainer erfolgt durch die AGATE-Gesch\u00e4ftsstelle nach Absolvierung der Bl\u00f6cke: Hospitation, Theorieseminar, Supervision.","robots":{"index":"index","follow":"follow","max-snippet":"max-snippet:-1","max-image-preview":"max-image-preview:large","max-video-preview":"max-video-preview:-1"},"canonical":"https:\/\/www.anaphylaxieschulung.de\/en\/informationen-fuer-trainer-innen\/zertifikat\/","og_locale":"en_GB","og_type":"article","og_title":"Zertifikat - Arbeitsgemeinschaft Anaphylaxie","og_description":"Die Zertifizierung zum Anaphylaxietrainer erfolgt durch die AGATE-Gesch\u00e4ftsstelle nach Absolvierung der Bl\u00f6cke: Hospitation, Theorieseminar, Supervision.","og_url":"https:\/\/www.anaphylaxieschulung.de\/en\/informationen-fuer-trainer-innen\/zertifikat\/","og_site_name":"Arbeitsgemeinschaft Anaphylaxie","article_modified_time":"2023-08-08T13:59:43+00:00","twitter_card":"summary_large_image","twitter_misc":{"Estimated reading time":"1 minute"},"schema":{"@context":"https:\/\/schema.org","@graph":[{"@type":"WebPage","@id":"https:\/\/www.anaphylaxieschulung.de\/informationen-fuer-trainer-innen\/zertifikat\/","url":"https:\/\/www.anaphylaxieschulung.de\/informationen-fuer-trainer-innen\/zertifikat\/","name":"Zertifikat - Arbeitsgemeinschaft Anaphylaxie","isPartOf":{"@id":"https:\/\/www.anaphylaxieschulung.de\/#website"},"datePublished":"2021-03-05T13:03:11+00:00","dateModified":"2023-08-08T13:59:43+00:00","description":"Die Zertifizierung zum Anaphylaxietrainer erfolgt durch die AGATE-Gesch\u00e4ftsstelle nach Absolvierung der Bl\u00f6cke: Hospitation, Theorieseminar, Supervision.","breadcrumb":{"@id":"https:\/\/www.anaphylaxieschulung.de\/informationen-fuer-trainer-innen\/zertifikat\/#breadcrumb"},"inLanguage":"en-GB","potentialAction":[{"@type":"ReadAction","target":["https:\/\/www.anaphylaxieschulung.de\/informationen-fuer-trainer-innen\/zertifikat\/"]}]},{"@type":"BreadcrumbList","@id":"https:\/\/www.anaphylaxieschulung.de\/informationen-fuer-trainer-innen\/zertifikat\/#breadcrumb","itemListElement":[{"@type":"ListItem","position":1,"name":"Startseite","item":"https:\/\/www.anaphylaxieschulung.de\/"},{"@type":"ListItem","position":2,"name":"Informationen f\u00fcr Trainer*innen","item":"https:\/\/www.anaphylaxieschulung.de\/informationen-fuer-trainer-innen\/"},{"@type":"ListItem","position":3,"name":"Zertifikat"}]},{"@type":"WebSite","@id":"https:\/\/www.anaphylaxieschulung.de\/#website","url":"https:\/\/www.anaphylaxieschulung.de\/","name":"Arbeitsgemeinschaft Anaphylaxie","description":"Training und Education e. V.","publisher":{"@id":"https:\/\/www.anaphylaxieschulung.de\/#organization"},"potentialAction":[{"@type":"SearchAction","target":{"@type":"EntryPoint","urlTemplate":"https:\/\/www.anaphylaxieschulung.de\/?s={search_term_string}"},"query-input":{"@type":"PropertyValueSpecification","valueRequired":true,"valueName":"search_term_string"}}],"inLanguage":"en-GB"},{"@type":"Organization","@id":"https:\/\/www.anaphylaxieschulung.de\/#organization","name":"Arbeitsgemeinschaft Anaphylaxie Training und Edukation e. V. (AGATE)","url":"https:\/\/www.anaphylaxieschulung.de\/","logo":{"@type":"ImageObject","inLanguage":"en-GB","@id":"https:\/\/www.anaphylaxieschulung.de\/#\/schema\/logo\/image\/","url":"https:\/\/www.anaphylaxieschulung.de\/wp-content\/uploads\/2021\/07\/cropped-favicon.jpg","contentUrl":"https:\/\/www.anaphylaxieschulung.de\/wp-content\/uploads\/2021\/07\/cropped-favicon.jpg","width":512,"height":512,"caption":"Arbeitsgemeinschaft Anaphylaxie Training und Edukation e. V. (AGATE)"},"image":{"@id":"https:\/\/www.anaphylaxieschulung.de\/#\/schema\/logo\/image\/"}}]}},"_links":{"self":[{"href":"https:\/\/www.anaphylaxieschulung.de\/en\/wp-json\/wp\/v2\/pages\/2268","targetHints":{"allow":["GET"]}}],"collection":[{"href":"https:\/\/www.anaphylaxieschulung.de\/en\/wp-json\/wp\/v2\/pages"}],"about":[{"href":"https:\/\/www.anaphylaxieschulung.de\/en\/wp-json\/wp\/v2\/types\/page"}],"author":[{"embeddable":true,"href":"https:\/\/www.anaphylaxieschulung.de\/en\/wp-json\/wp\/v2\/users\/2"}],"replies":[{"embeddable":true,"href":"https:\/\/www.anaphylaxieschulung.de\/en\/wp-json\/wp\/v2\/comments?post=2268"}],"version-history":[{"count":46,"href":"https:\/\/www.anaphylaxieschulung.de\/en\/wp-json\/wp\/v2\/pages\/2268\/revisions"}],"predecessor-version":[{"id":5119,"href":"https:\/\/www.anaphylaxieschulung.de\/en\/wp-json\/wp\/v2\/pages\/2268\/revisions\/5119"}],"up":[{"embeddable":true,"href":"https:\/\/www.anaphylaxieschulung.de\/en\/wp-json\/wp\/v2\/pages\/42"}],"wp:attachment":[{"href":"https:\/\/www.anaphylaxieschulung.de\/en\/wp-json\/wp\/v2\/media?parent=2268"}],"curies":[{"name":"wp","href":"https:\/\/api.w.org\/{rel}","templated":true}]}}